{"id":4069,"date":"2022-10-20T09:18:52","date_gmt":"2022-10-20T09:18:52","guid":{"rendered":"https:\/\/new2.minisites.casadelmar.nl\/?page_id=4069"},"modified":"2022-10-20T10:45:42","modified_gmt":"2022-10-20T10:45:42","slug":"sobre-nosotros","status":"publish","type":"page","link":"https:\/\/castillo-torremolinos.com\/es\/sobre-nosotros\/","title":{"rendered":"Sobre nosotros"},"content":{"rendered":"<section class=\"wpb-content-wrapper\"><div  class=\"content_row row vc_row wpb_row  default-style fullwidth rt-flex-wrapper\" >\n\t\n\t<div class=\"content_row_wrapper align-contents content-align-bottom default\" >\n\t<div id=\"asdasd\" class=\"vc_col-sm-12 wpb_column vc_column_container\" >\n\t<div class=\"vc_column-inner\">\n\t\t<div class=\"wpb_wrapper\" >\n\t\t\t\n\t\t\t<!-- START overonsslider REVOLUTION SLIDER 6.5.16 --><p class=\"rs-p-wp-fix\"><\/p>\n\t\t\t<rs-module-wrap id=\"rev_slider_1_1_wrapper\" data-source=\"gallery\" style=\"visibility:hidden;background:transparent;padding:0;margin:0px auto;margin-top:0;margin-bottom:0;\">\n\t\t\t\t<rs-module id=\"rev_slider_1_1\" style=\"\" data-version=\"6.5.16\">\n\t\t\t\t\t<rs-slides>\n\t\t\t\t\t\t<rs-slide style=\"position: absolute;\" data-key=\"rs-1\" data-title=\"Slide\" data-ssop=\"true\" data-anim=\"ms:600;\" data-in=\"o:0;\" data-out=\"a:false;\">\n\t\t\t\t\t\t\t<img decoding=\"async\" src=\"\/\/castillo-torremolinos.com\/wp-content\/plugins\/revslider\/public\/assets\/assets\/dummy.png\" alt=\"Deslizar\" title=\"Sobre nosotros\" class=\"rev-slidebg tp-rs-img rs-lazyload\" data-lazyload=\"\/\/castillo-torremolinos.com\/wp-content\/plugins\/revslider\/public\/assets\/assets\/transparent.png\" data-no-retina>\n<!--\n\t\t\t\t\t\t\t--><rs-layer\n\t\t\t\t\t\t\t\tid=\"slider-1-slide-1-layer-7\" \n\t\t\t\t\t\t\t\tdata-type=\"image\"\n\t\t\t\t\t\t\t\tdata-rsp_ch=\"on\"\n\t\t\t\t\t\t\t\tdata-xy=\"x:-101px;y:-112px;\"\n\t\t\t\t\t\t\t\tdata-text=\"l:22;a:inherit;\"\n\t\t\t\t\t\t\t\tdata-dim=\"w:1448px;h:724px;\"\n\t\t\t\t\t\t\t\tdata-frame_0=\"tp:600;\"\n\t\t\t\t\t\t\t\tdata-frame_1=\"tp:600;st:0;\"\n\t\t\t\t\t\t\t\tdata-frame_999=\"o:0;tp:600;st:w;sR:5700;\"\n\t\t\t\t\t\t\t\tstyle=\"z-index:5;\"\n\t\t\t\t\t\t\t><img fetchpriority=\"high\" decoding=\"async\" src=\"\/\/castillo-torremolinos.com\/wp-content\/plugins\/revslider\/public\/assets\/assets\/dummy.png\" alt=\"\" class=\"tp-rs-img rs-lazyload\" width=\"1456\" height=\"728\" data-lazyload=\"\/\/new2.minisites.casadelmar.nl\/wp-content\/uploads\/sites\/10\/2022\/10\/slg-property-alharin-vista-golf-1.jpg\" data-no-retina> \n\t\t\t\t\t\t\t<\/rs-layer><!--\n-->\t\t\t\t\t\t<\/rs-slide>\n\t\t\t\t\t<\/rs-slides>\n\t\t\t\t<\/rs-module>\n\t\t\t\t<script>\n\t\t\t\t\tsetREVStartSize({c: 'rev_slider_1_1',rl:[1240,1024,778,480],el:[464],gw:[1240],gh:[464],type:'standard',justify:'',layout:'fullwidth',mh:\"0\"});if (window.RS_MODULES!==undefined && window.RS_MODULES.modules!==undefined && window.RS_MODULES.modules[\"revslider11\"]!==undefined) {window.RS_MODULES.modules[\"revslider11\"].once = false;window.revapi1 = undefined;if (window.RS_MODULES.checkMinimal!==undefined) window.RS_MODULES.checkMinimal()}\n\t\t\t\t<\/script>\n\t\t\t<\/rs-module-wrap>\n\t\t\t<!-- END REVOLUTION SLIDER -->\n\n\t<div class=\"wpb_text_column wpb_content_element\" >\n\t\t<div class=\"wpb_wrapper\">\n\t\t\t<p><!-- \/wp:post-content --><\/p>\n<p><!-- wp:shortcode --><\/p>\n\n\t\t<\/div>\n\t<\/div>\n\n\t\t<\/div>\n\t<\/div>\n\t<\/div>\n\n<\/div>\n<\/div>\n\n<div  class=\"content_row row vc_row wpb_row  default-style fullwidth\" >\n\t\n\t<div class=\"content_row_wrapper  default\" >\n\t<div id=\"asdasd\" class=\"vc_col-sm-12 wpb_column vc_column_container\" >\n\t<div class=\"vc_column-inner\">\n\t\t<div class=\"wpb_wrapper\" >\n\t\t\t\n\t<div class=\"wpb_text_column wpb_content_element\" >\n\t\t<div class=\"wpb_wrapper\">\n\t\t\t<h3>SLG Property \u2013 experiencia, conocimientos y la mayor oferta en la Costa del Sol<\/h3>\n<p>SLG Property est\u00e1 formado por un equipo de agentes inmobiliarios de habla holandesa experimentados y expertos en la Costa del Sol. El fundador Ron de Vries lleva m\u00e1s de veinte a\u00f1os establecido como agente inmobiliario en la Costa del Sol. Gracias a la extensa red de promotores de proyectos y bancos espa\u00f1oles, SLG es una de las pocas oficinas en la Costa del Sol que ofrece casi todo. Esto significa que SLG Property realmente antepone sus deseos. Debido a su buena relaci\u00f3n con promotores y bancos espa\u00f1oles, SLG Property es uno de los pocos agentes inmobiliarios no espa\u00f1oles que ofrece proyectos de obra nueva muy interesantes. SLG Property ha vendido la mayor cantidad de propiedades de nueva construcci\u00f3n a clientes holandeses y flamencos para varios bancos espa\u00f1oles m\u00e1s importantes en los \u00faltimos a\u00f1os. Los apartamentos de golf Alhaur\u00edn Vista Golf son muy atractivos tanto para inversores como para particulares. Los apartamentos est\u00e1n situados directamente en Alhaur\u00edn Golf y a poca distancia del aeropuerto y de las playas m\u00e1s bonitas de la Costa del Sol. El precio de estos apartamentos de nueva construcci\u00f3n se ha fijado en consulta con el banco para venderlos r\u00e1pidamente. Adem\u00e1s, se trata de un proyecto de nueva construcci\u00f3n en el que no tendr\u00e1 que esperar a\u00f1os, sino que podr\u00e1 mudarse inmediatamente. SLG tiene un sitio web dedicado <a href=\"https:\/\/www.nieuwbouwspanje.com\" target=\"_blank\" rel=\"noopener\">Gama de proyectos de obra nueva en la Costa del Sol.<\/a> . No dude en contactarnos para obtener m\u00e1s informaci\u00f3n o una reuni\u00f3n introductoria.<\/p>\n\n\t\t<\/div>\n\t<\/div>\n\n\t\t<\/div>\n\t<\/div>\n\t<\/div>\n\n<\/div>\n<\/div>\n\n<div  class=\"content_row row vc_row wpb_row  default-style fullwidth\" >\n\t\n\t<div class=\"content_row_wrapper  default\" >\n\t<div id=\"asdasd\" class=\"vc_col-sm-12 wpb_column vc_column_container\" >\n\t<div class=\"vc_column-inner\">\n\t\t<div class=\"wpb_wrapper\" >\n\t\t\t\n\t<div class=\"wpb_text_column wpb_content_element\" >\n\t\t<div class=\"wpb_wrapper\">\n\t\t\t<p><!-- \/wp:shortcode --><\/p>\n\n\t\t<\/div>\n\t<\/div>\n\n\t\t<\/div>\n\t<\/div>\n\t<\/div>\n\n<\/div>\n<\/div><\/section>","protected":false},"excerpt":{"rendered":"<p>\u2026 <a class=\"more-link\" href=\"https:\/\/castillo-torremolinos.com\/es\/sobre-nosotros\/\">sigue leyendo<\/a><\/p>","protected":false},"author":1,"featured_media":0,"parent":0,"menu_order":0,"comment_status":"closed","ping_status":"closed","template":"","meta":{"footnotes":""},"class_list":["post-4069","page","type-page","status-publish","hentry"],"yoast_head":"<!-- This site is optimized with the Yoast SEO plugin v26.0 - https:\/\/yoast.com\/wordpress\/plugins\/seo\/ -->\n<title>Over ons - Castillo Torremolinos<\/title>\n<meta name=\"robots\" content=\"index, follow, max-snippet:-1, max-image-preview:large, max-video-preview:-1\" \/>\n<link rel=\"canonical\" href=\"https:\/\/castillo-torremolinos.com\/es\/sobre-nosotros\/\" \/>\n<meta property=\"og:locale\" content=\"es_ES\" \/>\n<meta property=\"og:type\" content=\"article\" \/>\n<meta property=\"og:title\" content=\"Over ons - Castillo Torremolinos\" \/>\n<meta property=\"og:url\" content=\"https:\/\/castillo-torremolinos.com\/es\/sobre-nosotros\/\" \/>\n<meta property=\"og:site_name\" content=\"Castillo Torremolinos\" \/>\n<meta property=\"article:modified_time\" content=\"2022-10-20T10:45:42+00:00\" \/>\n<meta name=\"twitter:card\" content=\"summary_large_image\" \/>\n<meta name=\"twitter:label1\" content=\"Tiempo de lectura\" \/>\n\t<meta name=\"twitter:data1\" content=\"2 minutos\" \/>\n<script type=\"application\/ld+json\" class=\"yoast-schema-graph\">{\"@context\":\"https:\/\/schema.org\",\"@graph\":[{\"@type\":\"WebPage\",\"@id\":\"https:\/\/castillo-torremolinos.com\/over-ons\/\",\"url\":\"https:\/\/castillo-torremolinos.com\/over-ons\/\",\"name\":\"Over ons - Castillo Torremolinos\",\"isPartOf\":{\"@id\":\"https:\/\/castillo-torremolinos.com\/#website\"},\"datePublished\":\"2022-10-20T09:18:52+00:00\",\"dateModified\":\"2022-10-20T10:45:42+00:00\",\"breadcrumb\":{\"@id\":\"https:\/\/castillo-torremolinos.com\/over-ons\/#breadcrumb\"},\"inLanguage\":\"es\",\"potentialAction\":[{\"@type\":\"ReadAction\",\"target\":[\"https:\/\/castillo-torremolinos.com\/over-ons\/\"]}]},{\"@type\":\"BreadcrumbList\",\"@id\":\"https:\/\/castillo-torremolinos.com\/over-ons\/#breadcrumb\",\"itemListElement\":[{\"@type\":\"ListItem\",\"position\":1,\"name\":\"Home\",\"item\":\"https:\/\/castillo-torremolinos.com\/\"},{\"@type\":\"ListItem\",\"position\":2,\"name\":\"Over ons\"}]},{\"@type\":\"WebSite\",\"@id\":\"https:\/\/castillo-torremolinos.com\/#website\",\"url\":\"https:\/\/castillo-torremolinos.com\/\",\"name\":\"Castillo Torremolinos\",\"description\":\"\",\"potentialAction\":[{\"@type\":\"SearchAction\",\"target\":{\"@type\":\"EntryPoint\",\"urlTemplate\":\"https:\/\/castillo-torremolinos.com\/?s={search_term_string}\"},\"query-input\":{\"@type\":\"PropertyValueSpecification\",\"valueRequired\":true,\"valueName\":\"search_term_string\"}}],\"inLanguage\":\"es\"}]}<\/script>\n<!-- \/ Yoast SEO plugin. -->","yoast_head_json":{"title":"Sobre nosotros - Castillo Torremolinos","robots":{"index":"index","follow":"follow","max-snippet":"max-snippet:-1","max-image-preview":"max-image-preview:large","max-video-preview":"max-video-preview:-1"},"canonical":"https:\/\/castillo-torremolinos.com\/es\/sobre-nosotros\/","og_locale":"es_ES","og_type":"article","og_title":"Over ons - Castillo Torremolinos","og_url":"https:\/\/castillo-torremolinos.com\/es\/sobre-nosotros\/","og_site_name":"Castillo Torremolinos","article_modified_time":"2022-10-20T10:45:42+00:00","twitter_card":"summary_large_image","twitter_misc":{"Tiempo de lectura":"2 minutos"},"schema":{"@context":"https:\/\/schema.org","@graph":[{"@type":"WebPage","@id":"https:\/\/castillo-torremolinos.com\/over-ons\/","url":"https:\/\/castillo-torremolinos.com\/over-ons\/","name":"Sobre nosotros - Castillo Torremolinos","isPartOf":{"@id":"https:\/\/castillo-torremolinos.com\/#website"},"datePublished":"2022-10-20T09:18:52+00:00","dateModified":"2022-10-20T10:45:42+00:00","breadcrumb":{"@id":"https:\/\/castillo-torremolinos.com\/over-ons\/#breadcrumb"},"inLanguage":"es","potentialAction":[{"@type":"ReadAction","target":["https:\/\/castillo-torremolinos.com\/over-ons\/"]}]},{"@type":"BreadcrumbList","@id":"https:\/\/castillo-torremolinos.com\/over-ons\/#breadcrumb","itemListElement":[{"@type":"ListItem","position":1,"name":"Home","item":"https:\/\/castillo-torremolinos.com\/"},{"@type":"ListItem","position":2,"name":"Over ons"}]},{"@type":"WebSite","@id":"https:\/\/castillo-torremolinos.com\/#website","url":"https:\/\/castillo-torremolinos.com\/","name":"castillo torremolinos","description":"","potentialAction":[{"@type":"SearchAction","target":{"@type":"EntryPoint","urlTemplate":"https:\/\/castillo-torremolinos.com\/?s={search_term_string}"},"query-input":{"@type":"PropertyValueSpecification","valueRequired":true,"valueName":"search_term_string"}}],"inLanguage":"es"}]}},"_links":{"self":[{"href":"https:\/\/castillo-torremolinos.com\/es\/wp-json\/wp\/v2\/pages\/4069","targetHints":{"allow":["GET"]}}],"collection":[{"href":"https:\/\/castillo-torremolinos.com\/es\/wp-json\/wp\/v2\/pages"}],"about":[{"href":"https:\/\/castillo-torremolinos.com\/es\/wp-json\/wp\/v2\/types\/page"}],"author":[{"embeddable":true,"href":"https:\/\/castillo-torremolinos.com\/es\/wp-json\/wp\/v2\/users\/1"}],"replies":[{"embeddable":true,"href":"https:\/\/castillo-torremolinos.com\/es\/wp-json\/wp\/v2\/comments?post=4069"}],"version-history":[{"count":15,"href":"https:\/\/castillo-torremolinos.com\/es\/wp-json\/wp\/v2\/pages\/4069\/revisions"}],"predecessor-version":[{"id":4104,"href":"https:\/\/castillo-torremolinos.com\/es\/wp-json\/wp\/v2\/pages\/4069\/revisions\/4104"}],"wp:attachment":[{"href":"https:\/\/castillo-torremolinos.com\/es\/wp-json\/wp\/v2\/media?parent=4069"}],"curies":[{"name":"wp","href":"https:\/\/api.w.org\/{rel}","templated":true}]}}