{"id":95,"date":"2022-01-27T10:58:29","date_gmt":"2022-01-27T10:58:29","guid":{"rendered":"http:\/\/cognito.mprinsdesign.nl\/?page_id=95"},"modified":"2024-09-16T11:24:55","modified_gmt":"2024-09-16T11:24:55","slug":"komplex","status":"publish","type":"page","link":"https:\/\/castillo-torremolinos.com\/cs\/komplex\/","title":{"rendered":"Castillo Torremolinos"},"content":{"rendered":"<section class=\"wpb-content-wrapper\"><div  class=\"content_row row page-content vc_row wpb_row  default-style fullwidth\" >\n\t\n\t<div class=\"content_row_wrapper  default\" >\n\t<div id=\"asdasd\" class=\"vc_col-sm-12 wpb_column vc_column_container\" >\n\t<div class=\"vc_column-inner\">\n\t\t<div class=\"wpb_wrapper\" >\n\t\t\t<div class=\"rt_heading_wrapper no-style\">\n\t\t\t\t\t\t<h1 class=\"rt_heading  no-style\"  style=\"font-size:24px;margin-top:24px;margin-bottom:0px;\">Castillo Torremolinos \u2013 <span class=\"after_h1\">Torremolinos<\/span><\/h1> \n\t\t\t\t\t<\/div><div class=\"vc_empty_space\"   style=\"height: 32px\"><span class=\"vc_empty_space_inner\"><\/span><\/div><div class=\"vc_separator wpb_content_element vc_separator_align_center vc_sep_width_100 vc_sep_style-4 vc_sep_pos_align_center vc_separator_no_text vc_sep_color_grey\" ><span class=\"vc_sep_holder vc_sep_holder_l\"><span class=\"vc_sep_line\"><\/span><\/span><span class=\"vc_sep_holder vc_sep_holder_r\"><span class=\"vc_sep_line\"><\/span><\/span>\n<\/div><div class=\"vc_empty_space\"   style=\"height: 32px\"><span class=\"vc_empty_space_inner\"><\/span><\/div>\n\t<div class=\"wpb_text_column wpb_content_element\" >\n\t\t<div class=\"wpb_wrapper\">\n\t\t\t<div class=\"\">\n<p>P\u0159idejte dal\u0161\u00ed text<\/p>\n<\/div>\n<div class=\"\">\n<p>&nbsp;<\/p>\n<\/div>\n\n\t\t<\/div>\n\t<\/div>\n\n\t\t<\/div>\n\t<\/div>\n\t<\/div>\n\n<\/div>\n<\/div>\n\n<div  class=\"content_row row page-content vc_row wpb_row  default-style fullwidth\" style=\"background-color: #bbac8c;\">\n\t\n\t<div class=\"content_row_wrapper  default\" >\n\t<div id=\"asdasd\" class=\"vc_col-sm-12 wpb_column vc_column_container\" >\n\t<div class=\"vc_column-inner\">\n\t\t<div class=\"wpb_wrapper\" >\n\t\t\t<div class=\"rt_heading_wrapper no-style\">\n\t\t\t\t\t\t<h1 class=\"rt_heading  no-style\"  style=\"font-size:24px;margin-top:24px;margin-bottom:0px;\">Funkce - <span class=\"after_h1 white\">CASTILLO TORREMOLINOS<\/span><\/h1> \n\t\t\t\t\t<\/div><div class=\"vc_empty_space\"   style=\"height: 32px\"><span class=\"vc_empty_space_inner\"><\/span><\/div><div class=\"vc_separator wpb_content_element vc_separator_align_center vc_sep_width_100 vc_sep_style-4 vc_sep_pos_align_center vc_separator_no_text vc_sep_color_grey\" ><span class=\"vc_sep_holder vc_sep_holder_l\"><span class=\"vc_sep_line\"><\/span><\/span><span class=\"vc_sep_holder vc_sep_holder_r\"><span class=\"vc_sep_line\"><\/span><\/span>\n<\/div>\n\t<div class=\"wpb_text_column wpb_content_element\" >\n\t\t<div class=\"wpb_wrapper\">\n\t\t\t\t \n\t\t<div  class=\"bullet-list style-1  check\">\n\t\t<ul>\n<li>pln\u011b vybaven\u00e9 kuchyn\u011b<\/li>\n<li>penthousy s vlastn\u00edm baz\u00e9nem<\/li>\n<li>nab\u00edjec\u00ed stanice pro elektromobily<\/li>\n<li><span style=\"font-weight: 400;\">mo\u017en\u00e1 l\u00e1ze\u0148sk\u00e1 jacuzzi na terase<\/span><\/li>\n<li><span style=\"font-weight: 400;\">st\u0159echa s baz\u00e9nem<\/span><\/li>\n<li>ceny od 469 000 \u20ac.<\/li>\n<\/ul>\n\n\t\t<\/div>\n\t\n\n\t\t<\/div>\n\t<\/div>\n\n\t\t<\/div>\n\t<\/div>\n\t<\/div>\n\n<\/div>\n<\/div>\n\n<div  class=\"content_row row quote-row vc_row wpb_row  default-style fullwidth\" style=\"background-color: #fcfcfc;\">\n\t\n\t<div class=\"content_row_wrapper  fullwidth\" >\n\t<div id=\"asdasd\" class=\"vc_col-sm-12 wpb_column vc_column_container vc_custom_1644925648982\" >\n\t<div class=\"vc_column-inner\">\n\t\t<div class=\"wpb_wrapper\" >\n\t\t\t<div class=\"rt_heading_wrapper style-3\">\n\t\t\t\t\t\t<h4 class=\"rt_heading serif quote-max-width style-3\" >Informa\u010dn\u00ed bal\u00ed\u010dek CASTILLO TORREMOLINOS <a href=\"https:\/\/new.minisites.casadelmar.nl\/meer-informatie\/\"> Vy\u017e\u00e1dejte si bro\u017euru a cen\u00edk <\/a><\/h4> \n\t\t\t\t\t<\/div>\n\t\t<\/div>\n\t<\/div>\n\t<\/div>\n\n<\/div>\n<\/div>\n\n<div  class=\"content_row row vc_row wpb_row  default-style fullwidth\" >\n\t\n\t<div class=\"content_row_wrapper  default\" >\n\t<div id=\"asdasd\" class=\"vc_col-sm-12 wpb_column vc_column_container\" >\n\t<div class=\"vc_column-inner\">\n\t\t<div class=\"wpb_wrapper\" >\n\t\t\t<div class=\"button_wrapper aligncenter\"><a  href=\"\/cs\/vice-informaci\/\" target=\"_self\" title=\"&gt; v\u00edce informac\u00ed\" class=\"button_  style-2 small\">&gt; v\u00edce informac\u00ed<\/a><\/div>\n\t\t<\/div>\n\t<\/div>\n\t<\/div>\n\n<\/div>\n<\/div>\n<\/section>","protected":false},"excerpt":{"rendered":"<p>\u2026 <a class=\"more-link\" href=\"https:\/\/castillo-torremolinos.com\/cs\/komplex\/\">pokra\u010dovat ve \u010dten\u00ed<\/a><\/p>","protected":false},"author":1,"featured_media":4282,"parent":0,"menu_order":3,"comment_status":"closed","ping_status":"closed","template":"","meta":{"footnotes":""},"class_list":["post-95","page","type-page","status-publish","has-post-thumbnail","hentry"],"yoast_head":"<!-- This site is optimized with the Yoast SEO plugin v26.0 - https:\/\/yoast.com\/wordpress\/plugins\/seo\/ -->\n<title>Castillo Torremolinos - Castillo Torremolinos<\/title>\n<meta name=\"robots\" content=\"index, follow, max-snippet:-1, max-image-preview:large, max-video-preview:-1\" \/>\n<link rel=\"canonical\" href=\"https:\/\/castillo-torremolinos.com\/cs\/komplex\/\" \/>\n<meta property=\"og:locale\" content=\"cs_CZ\" \/>\n<meta property=\"og:type\" content=\"article\" \/>\n<meta property=\"og:title\" content=\"Castillo Torremolinos - Castillo Torremolinos\" \/>\n<meta property=\"og:url\" content=\"https:\/\/castillo-torremolinos.com\/cs\/komplex\/\" \/>\n<meta property=\"og:site_name\" content=\"Castillo Torremolinos\" \/>\n<meta property=\"article:modified_time\" content=\"2024-09-16T11:24:55+00:00\" \/>\n<meta property=\"og:image\" content=\"https:\/\/castillo-torremolinos.com\/wp-content\/uploads\/sites\/23\/2022\/10\/torremolinos_building.jpg\" \/>\n\t<meta property=\"og:image:width\" content=\"1200\" \/>\n\t<meta property=\"og:image:height\" content=\"875\" \/>\n\t<meta property=\"og:image:type\" content=\"image\/jpeg\" \/>\n<meta name=\"twitter:card\" content=\"summary_large_image\" \/>\n<meta name=\"twitter:label1\" content=\"Odhadovan\u00e1 doba \u010dten\u00ed\" \/>\n\t<meta name=\"twitter:data1\" content=\"2 minuty\" \/>\n<script type=\"application\/ld+json\" class=\"yoast-schema-graph\">{\"@context\":\"https:\/\/schema.org\",\"@graph\":[{\"@type\":\"WebPage\",\"@id\":\"https:\/\/castillo-torremolinos.com\/het-complex\/\",\"url\":\"https:\/\/castillo-torremolinos.com\/het-complex\/\",\"name\":\"Castillo Torremolinos - Castillo Torremolinos\",\"isPartOf\":{\"@id\":\"https:\/\/castillo-torremolinos.com\/#website\"},\"primaryImageOfPage\":{\"@id\":\"https:\/\/castillo-torremolinos.com\/het-complex\/#primaryimage\"},\"image\":{\"@id\":\"https:\/\/castillo-torremolinos.com\/het-complex\/#primaryimage\"},\"thumbnailUrl\":\"https:\/\/castillo-torremolinos.com\/wp-content\/uploads\/sites\/23\/2022\/10\/torremolinos_building.jpg\",\"datePublished\":\"2022-01-27T10:58:29+00:00\",\"dateModified\":\"2024-09-16T11:24:55+00:00\",\"breadcrumb\":{\"@id\":\"https:\/\/castillo-torremolinos.com\/het-complex\/#breadcrumb\"},\"inLanguage\":\"cs\",\"potentialAction\":[{\"@type\":\"ReadAction\",\"target\":[\"https:\/\/castillo-torremolinos.com\/het-complex\/\"]}]},{\"@type\":\"ImageObject\",\"inLanguage\":\"cs\",\"@id\":\"https:\/\/castillo-torremolinos.com\/het-complex\/#primaryimage\",\"url\":\"https:\/\/castillo-torremolinos.com\/wp-content\/uploads\/sites\/23\/2022\/10\/torremolinos_building.jpg\",\"contentUrl\":\"https:\/\/castillo-torremolinos.com\/wp-content\/uploads\/sites\/23\/2022\/10\/torremolinos_building.jpg\",\"width\":1200,\"height\":875},{\"@type\":\"BreadcrumbList\",\"@id\":\"https:\/\/castillo-torremolinos.com\/het-complex\/#breadcrumb\",\"itemListElement\":[{\"@type\":\"ListItem\",\"position\":1,\"name\":\"Home\",\"item\":\"https:\/\/castillo-torremolinos.com\/\"},{\"@type\":\"ListItem\",\"position\":2,\"name\":\"Castillo Torremolinos\"}]},{\"@type\":\"WebSite\",\"@id\":\"https:\/\/castillo-torremolinos.com\/#website\",\"url\":\"https:\/\/castillo-torremolinos.com\/\",\"name\":\"Castillo Torremolinos\",\"description\":\"\",\"potentialAction\":[{\"@type\":\"SearchAction\",\"target\":{\"@type\":\"EntryPoint\",\"urlTemplate\":\"https:\/\/castillo-torremolinos.com\/?s={search_term_string}\"},\"query-input\":{\"@type\":\"PropertyValueSpecification\",\"valueRequired\":true,\"valueName\":\"search_term_string\"}}],\"inLanguage\":\"cs\"}]}<\/script>\n<!-- \/ Yoast SEO plugin. -->","yoast_head_json":{"title":"Castillo Torremolinos - Castillo Torremolinos","robots":{"index":"index","follow":"follow","max-snippet":"max-snippet:-1","max-image-preview":"max-image-preview:large","max-video-preview":"max-video-preview:-1"},"canonical":"https:\/\/castillo-torremolinos.com\/cs\/komplex\/","og_locale":"cs_CZ","og_type":"article","og_title":"Castillo Torremolinos - Castillo Torremolinos","og_url":"https:\/\/castillo-torremolinos.com\/cs\/komplex\/","og_site_name":"Castillo Torremolinos","article_modified_time":"2024-09-16T11:24:55+00:00","og_image":[{"width":1200,"height":875,"url":"https:\/\/castillo-torremolinos.com\/wp-content\/uploads\/sites\/23\/2022\/10\/torremolinos_building.jpg","type":"image\/jpeg"}],"twitter_card":"summary_large_image","twitter_misc":{"Odhadovan\u00e1 doba \u010dten\u00ed":"2 minuty"},"schema":{"@context":"https:\/\/schema.org","@graph":[{"@type":"WebPage","@id":"https:\/\/castillo-torremolinos.com\/het-complex\/","url":"https:\/\/castillo-torremolinos.com\/het-complex\/","name":"Castillo Torremolinos - Castillo Torremolinos","isPartOf":{"@id":"https:\/\/castillo-torremolinos.com\/#website"},"primaryImageOfPage":{"@id":"https:\/\/castillo-torremolinos.com\/het-complex\/#primaryimage"},"image":{"@id":"https:\/\/castillo-torremolinos.com\/het-complex\/#primaryimage"},"thumbnailUrl":"https:\/\/castillo-torremolinos.com\/wp-content\/uploads\/sites\/23\/2022\/10\/torremolinos_building.jpg","datePublished":"2022-01-27T10:58:29+00:00","dateModified":"2024-09-16T11:24:55+00:00","breadcrumb":{"@id":"https:\/\/castillo-torremolinos.com\/het-complex\/#breadcrumb"},"inLanguage":"cs","potentialAction":[{"@type":"ReadAction","target":["https:\/\/castillo-torremolinos.com\/het-complex\/"]}]},{"@type":"ImageObject","inLanguage":"cs","@id":"https:\/\/castillo-torremolinos.com\/het-complex\/#primaryimage","url":"https:\/\/castillo-torremolinos.com\/wp-content\/uploads\/sites\/23\/2022\/10\/torremolinos_building.jpg","contentUrl":"https:\/\/castillo-torremolinos.com\/wp-content\/uploads\/sites\/23\/2022\/10\/torremolinos_building.jpg","width":1200,"height":875},{"@type":"BreadcrumbList","@id":"https:\/\/castillo-torremolinos.com\/het-complex\/#breadcrumb","itemListElement":[{"@type":"ListItem","position":1,"name":"Home","item":"https:\/\/castillo-torremolinos.com\/"},{"@type":"ListItem","position":2,"name":"Castillo Torremolinos"}]},{"@type":"WebSite","@id":"https:\/\/castillo-torremolinos.com\/#website","url":"https:\/\/castillo-torremolinos.com\/","name":"Castillo Torremolinos","description":"","potentialAction":[{"@type":"SearchAction","target":{"@type":"EntryPoint","urlTemplate":"https:\/\/castillo-torremolinos.com\/?s={search_term_string}"},"query-input":{"@type":"PropertyValueSpecification","valueRequired":true,"valueName":"search_term_string"}}],"inLanguage":"cs"}]}},"_links":{"self":[{"href":"https:\/\/castillo-torremolinos.com\/cs\/wp-json\/wp\/v2\/pages\/95","targetHints":{"allow":["GET"]}}],"collection":[{"href":"https:\/\/castillo-torremolinos.com\/cs\/wp-json\/wp\/v2\/pages"}],"about":[{"href":"https:\/\/castillo-torremolinos.com\/cs\/wp-json\/wp\/v2\/types\/page"}],"author":[{"embeddable":true,"href":"https:\/\/castillo-torremolinos.com\/cs\/wp-json\/wp\/v2\/users\/1"}],"replies":[{"embeddable":true,"href":"https:\/\/castillo-torremolinos.com\/cs\/wp-json\/wp\/v2\/comments?post=95"}],"version-history":[{"count":48,"href":"https:\/\/castillo-torremolinos.com\/cs\/wp-json\/wp\/v2\/pages\/95\/revisions"}],"predecessor-version":[{"id":4331,"href":"https:\/\/castillo-torremolinos.com\/cs\/wp-json\/wp\/v2\/pages\/95\/revisions\/4331"}],"wp:featuredmedia":[{"embeddable":true,"href":"https:\/\/castillo-torremolinos.com\/cs\/wp-json\/wp\/v2\/media\/4282"}],"wp:attachment":[{"href":"https:\/\/castillo-torremolinos.com\/cs\/wp-json\/wp\/v2\/media?parent=95"}],"curies":[{"name":"wp","href":"https:\/\/api.w.org\/{rel}","templated":true}]}}